{"id":3018,"date":"2022-02-01T16:02:08","date_gmt":"2022-02-01T22:02:08","guid":{"rendered":"https:\/\/flexografica.com\/contacto\/"},"modified":"2024-07-05T19:31:24","modified_gmt":"2024-07-06T01:31:24","slug":"contact-us","status":"publish","type":"page","link":"https:\/\/flexografica.com\/en\/contact-us\/","title":{"rendered":"Contact us"},"content":{"rendered":"\n<div class=\"wp-block-cover alignfull wrap-titulo-top\" style=\"padding-top:0px;padding-right:0px;padding-bottom:0px;padding-left:0px;min-height:420px;aspect-ratio:unset;\"><span aria-hidden=\"true\" class=\"wp-block-cover__background has-background-dim-0 has-background-dim\"><\/span><img loading=\"lazy\" decoding=\"async\" width=\"2000\" height=\"1125\" class=\"wp-block-cover__image-background wp-image-1040\" alt=\"\" src=\"https:\/\/flexografica.com\/wp-content\/uploads\/2024\/02\/Imagen5-1-morado.jpg\" style=\"object-position:64% 69%\" data-object-fit=\"cover\" data-object-position=\"64% 69%\" srcset=\"https:\/\/flexografica.com\/wp-content\/uploads\/2024\/02\/Imagen5-1-morado.jpg 2000w, https:\/\/flexografica.com\/wp-content\/uploads\/2024\/02\/Imagen5-1-morado-1024x576.jpg 1024w, https:\/\/flexografica.com\/wp-content\/uploads\/2024\/02\/Imagen5-1-morado-250x141.jpg 250w, https:\/\/flexografica.com\/wp-content\/uploads\/2024\/02\/Imagen5-1-morado-1536x864.jpg 1536w, https:\/\/flexografica.com\/wp-content\/uploads\/2024\/02\/Imagen5-1-morado-480x270.jpg 480w\" sizes=\"auto, (max-width: 2000px) 100vw, 2000px\" \/><div class=\"wp-block-cover__inner-container is-layout-flow wp-block-cover-is-layout-flow\">\n<div class=\"wp-block-cover alignfull content-titulo-top\" style=\"min-height:180px;aspect-ratio:unset;\"><span aria-hidden=\"true\" class=\"wp-block-cover__background has-color-1-background-color has-background-dim-80 has-background-dim\"><\/span><div class=\"wp-block-cover__inner-container is-layout-flow wp-block-cover-is-layout-flow\"><h1 class=\"has-text-align-center titulo-top wp-block-post-title\">Contact us<\/h1><\/div><\/div>\n<\/div><\/div>\n\n\n\n<section style=\"background-color:#fafafa\" class=\"wp-block-agctexdomain-wrapper-agcblocks alignwide paddingTopBottom0 paddingTopBottomTablet0 paddingTopBottomMobile0 paddingLeftRight0 paddingLeftRightTablet0 paddingLeftRightMobile0 backgroundNoRepeat backgroundCover alturaDefault\"><div class=\"container\"><div class=\"wrapper-inner-blocks\" style=\"max-width:800px\">\n<section class=\"wp-block-agctexdomain-columnas-agcblocks alignwide columnas col-1 col-1-a paddingTopBottom0 paddingTopBottomTablet0 paddingTopBottomMobile0 alturaDefault\"><div class=\"container\">\n<div class=\"wp-block-agctexdomain-columna-agcblocks Columna ag-animation css-animacionNone alineacion-vertical-top\" data-ag-animation=\"animacionNone\" style=\"text-align:left\"><div class=\"ColumnaContent paddingTopBottom0 paddingTopBottomTablet0 paddingTopBottomMobile0 paddingLeftRight20 paddingLeftRightTablet20 paddingLeftRightMobile20\">\n<div style=\"height:10px\" aria-hidden=\"true\" class=\"wp-block-spacer\"><\/div>\n\n\n<div class=\"wrap-content bg-breadcrumbs\"><div class=\"container\"><ol class=\"breadcrumbs\">\n<li><a class=\"breadcrumbs-home\" href=\"https:\/\/flexografica.com\/en\/\"><small><svg xmlns=\"http:\/\/www.w3.org\/2000\/svg\" viewBox=\"0 0 576 512\"><path d=\"M575.8 255.5C575.8 273.5 560.8 287.6 543.8 287.6H511.8L512.5 447.7C512.5 450.5 512.3 453.1 512 455.8V472C512 494.1 494.1 512 472 512H456C454.9 512 453.8 511.1 452.7 511.9C451.3 511.1 449.9 512 448.5 512H392C369.9 512 352 494.1 352 472V384C352 366.3 337.7 352 320 352H256C238.3 352 224 366.3 224 384V472C224 494.1 206.1 512 184 512H128.1C126.6 512 125.1 511.9 123.6 511.8C122.4 511.9 121.2 512 120 512H104C81.91 512 64 494.1 64 472V360C64 359.1 64.03 358.1 64.09 357.2V287.6H32.05C14.02 287.6 0 273.5 0 255.5C0 246.5 3.004 238.5 10.01 231.5L266.4 8.016C273.4 1.002 281.4 0 288.4 0C295.4 0 303.4 2.004 309.5 7.014L564.8 231.5C572.8 238.5 576.9 246.5 575.8 255.5L575.8 255.5z\"\/><\/svg><\/small><span>Home<\/span><\/a><\/li>\n \n \n \n \n \n\n\n<\/ol>\n<\/div><\/div>\n\n\n\n<div style=\"height:20px\" aria-hidden=\"true\" class=\"wp-block-spacer\"><\/div>\n<\/div> <\/div>\n<\/div> <div class=\"bg-forma bg-forma-display-none\"><\/div><\/section>\n<\/div><\/div> <div class=\"bg-forma\"><\/div><\/section>\n\n\n\n<section style=\"background-color:#fafafa\" class=\"wp-block-agctexdomain-wrapper-agcblocks alignfull paddingTopBottom0 paddingTopBottomTablet0 paddingTopBottomMobile0 paddingLeftRight0 paddingLeftRightTablet0 paddingLeftRightMobile0 backgroundNoRepeat backgroundCover alturaDefault\"><div class=\"container\"><div class=\"wrapper-inner-blocks\">\n<section class=\"wp-block-agctexdomain-columnas-agcblocks alignwide columnas col-2 col-2-a paddingTopBottom0 paddingTopBottomTablet0 paddingTopBottomMobile0 alturaDefault\"><div class=\"container\">\n<div class=\"wp-block-agctexdomain-columna-agcblocks Columna ag-animation css-animacionNone alineacion-vertical-top\" data-ag-animation=\"animacionNone\" style=\"text-align:left;background-color:#f4f4f4\"><div class=\"ColumnaContent paddingTopBottom60 paddingTopBottomTablet50 paddingTopBottomMobile50 paddingLeftRight60 paddingLeftRightTablet20 paddingLeftRightMobile20\">\n<div style=\"height:50px\" aria-hidden=\"true\" class=\"wp-block-spacer\"><\/div>\n\n\n\n<div class=\"wpcf7 no-js\" id=\"wpcf7-f3091-o1\" lang=\"en-US\" dir=\"ltr\" data-wpcf7-id=\"3091\">\n<div class=\"screen-reader-response\"><p role=\"status\" aria-live=\"polite\" aria-atomic=\"true\"><\/p> <ul><\/ul><\/div>\n<form action=\"\/en\/wp-json\/wp\/v2\/pages\/3018#wpcf7-f3091-o1\" method=\"post\" class=\"wpcf7-form init\" aria-label=\"Contact form\" novalidate=\"novalidate\" data-status=\"init\">\n<fieldset class=\"hidden-fields-container\"><input type=\"hidden\" name=\"_wpcf7\" value=\"3091\" \/><input type=\"hidden\" name=\"_wpcf7_version\" value=\"6.1.5\" \/><input type=\"hidden\" name=\"_wpcf7_locale\" value=\"en_US\" \/><input type=\"hidden\" name=\"_wpcf7_unit_tag\" value=\"wpcf7-f3091-o1\" \/><input type=\"hidden\" name=\"_wpcf7_container_post\" value=\"0\" \/><input type=\"hidden\" name=\"_wpcf7_posted_data_hash\" value=\"\" \/>\n<\/fieldset>\n<div class=\"wrap-form wrap-form-2\">\n  <div class=\"input-wrap-form\">\n     <label>Name <span class=\"requerido\">*<\/span><\/label><span class=\"wpcf7-form-control-wrap\" data-name=\"your-name\"><input size=\"40\" maxlength=\"400\" class=\"wpcf7-form-control wpcf7-text wpcf7-validates-as-required input-page-contacto\" aria-required=\"true\" aria-invalid=\"false\" value=\"\" type=\"text\" name=\"your-name\" \/><\/span>\n  <\/div>\n <div class=\"input-wrap-form\">\n      <label>Email <span class=\"requerido\">*<\/span><\/label><span class=\"wpcf7-form-control-wrap\" data-name=\"your-email\"><input size=\"40\" maxlength=\"400\" class=\"wpcf7-form-control wpcf7-email wpcf7-validates-as-required wpcf7-text wpcf7-validates-as-email input-page-contacto\" aria-required=\"true\" aria-invalid=\"false\" value=\"\" type=\"email\" name=\"your-email\" \/><\/span>\n  <\/div>\n<\/div>\n\n<div class=\"wrap-form wrap-form-2\">\n  <div class=\"input-wrap-form\">\n     <label>Phone <span class=\"requerido\">*<\/span><\/label><span class=\"wpcf7-form-control-wrap\" data-name=\"tel-866\"><input size=\"40\" maxlength=\"400\" class=\"wpcf7-form-control wpcf7-tel wpcf7-validates-as-required wpcf7-text wpcf7-validates-as-tel input-page-contacto\" aria-required=\"true\" aria-invalid=\"false\" value=\"\" type=\"tel\" name=\"tel-866\" \/><\/span>\n  <\/div>\n <div class=\"input-wrap-form\">\n     <label>Company <span class=\"requerido\">*<\/span><\/label><span class=\"wpcf7-form-control-wrap\" data-name=\"empresa\"><input size=\"40\" maxlength=\"400\" class=\"wpcf7-form-control wpcf7-text wpcf7-validates-as-required input-page-contacto\" aria-required=\"true\" aria-invalid=\"false\" value=\"\" type=\"text\" name=\"empresa\" \/><\/span>\n  <\/div>\n<\/div>\n\n<div class=\"wrap-form wrap-form-2\">\n  <div class=\"input-wrap-form\">\n     <label>City and State <span class=\"requerido\">*<\/span><\/label><span class=\"wpcf7-form-control-wrap\" data-name=\"ciudad\"><input size=\"40\" maxlength=\"400\" class=\"wpcf7-form-control wpcf7-text wpcf7-validates-as-required input-page-contacto\" aria-required=\"true\" aria-invalid=\"false\" value=\"\" type=\"text\" name=\"ciudad\" \/><\/span>\n  <\/div>\n <div class=\"input-wrap-form\">\n     <label>Country <span class=\"requerido\">*<\/span><\/label><span class=\"wpcf7-form-control-wrap\" data-name=\"pais\"><input size=\"40\" maxlength=\"400\" class=\"wpcf7-form-control wpcf7-text wpcf7-validates-as-required input-page-contacto\" aria-required=\"true\" aria-invalid=\"false\" value=\"\" type=\"text\" name=\"pais\" \/><\/span>\n  <\/div>\n<\/div>\n\n<div class=\"wrap-form wrap-form-1\">\n  <div class=\"input-wrap-form\">\n    <label>Questions or comments <span class=\"requerido\">*<\/span><\/label><span class=\"wpcf7-form-control-wrap\" data-name=\"your-message\"><textarea cols=\"40\" rows=\"10\" maxlength=\"2000\" class=\"wpcf7-form-control wpcf7-textarea wpcf7-validates-as-required input-page-contacto\" aria-required=\"true\" aria-invalid=\"false\" name=\"your-message\"><\/textarea><\/span> \n  <\/div>\n<\/div>\n\n<div class=\"recapcha-css-nota\">\nProtected by reCAPTCHA | <a target=\"_blank\" href=\"https:\/\/policies.google.com\/privacy\">Privacy Policy<\/a> | <a target=\"_blank\" href=\"https:\/\/policies.google.com\/terms\">Terms<\/a>.\n<\/div>\n\n<div class=\"wrap-form wrap-form-1\">\n  <div class=\"input-wrap-form\">\n<input class=\"wpcf7-form-control wpcf7-submit has-spinner\" type=\"submit\" value=\"Send\" \/>\n  <\/div>\n<\/div><div class=\"wpcf7-response-output\" aria-hidden=\"true\"><\/div>\n<\/form>\n<\/div>\n\n<\/div> <\/div>\n\n\n\n<div class=\"wp-block-agctexdomain-columna-agcblocks Columna ag-animation css-animacionNone alineacion-vertical-top\" data-ag-animation=\"animacionNone\" style=\"text-align:left;background-color:#ffffff\"><div class=\"ColumnaContent paddingTopBottom60 paddingTopBottomTablet50 paddingTopBottomMobile50 paddingLeftRight60 paddingLeftRightTablet20 paddingLeftRightMobile20\">\n<section class=\"wp-block-agctexdomain-wrapper-agcblocks alignwide paddingTopBottom0 paddingTopBottomTablet0 paddingTopBottomMobile0 paddingLeftRight0 paddingLeftRightTablet0 paddingLeftRightMobile0 backgroundNoRepeat backgroundCover alturaDefault wrap-direcciones\"><div class=\"container\"><div class=\"wrapper-inner-blocks\">\n<h2 class=\"wp-block-heading has-color-1-color has-text-color\" id=\"mexico\">MEXICO<\/h2>\n\n\n\n<section class=\"wp-block-agctexdomain-columnas-agcblocks alignwide columnas col-2 col-2-a paddingTopBottom0 paddingTopBottomTablet0 paddingTopBottomMobile0 alturaDefault\"><div class=\"container\">\n<div class=\"wp-block-agctexdomain-columna-agcblocks Columna ag-animation css-animacionNone alineacion-vertical-top\" data-ag-animation=\"animacionNone\" style=\"text-align:left\"><div class=\"ColumnaContent paddingTopBottom0 paddingTopBottomTablet0 paddingTopBottomMobile0 paddingLeftRight0 paddingLeftRightTablet20 paddingLeftRightMobile20\">\n<p><strong><mark style=\"background-color:rgba(0, 0, 0, 0)\" class=\"has-inline-color has-color-2-color\">Corporate Offices \/ Headquarters<\/mark><\/strong><br>Dr. Jes\u00fas Ma. Gonz\u00e1lez No.220<br>Col. San Jer\u00f3nimo<br>Monterrey, N.L. 64640<br>Tel. +52 81 8151 5600<\/p>\n\n\n\n<div style=\"height:30px\" aria-hidden=\"true\" class=\"wp-block-spacer\"><\/div>\n<\/div> <\/div>\n\n\n\n<div class=\"wp-block-agctexdomain-columna-agcblocks Columna ag-animation css-animacionNone alineacion-vertical-top\" data-ag-animation=\"animacionNone\" style=\"text-align:left\"><div class=\"ColumnaContent paddingTopBottom0 paddingTopBottomTablet0 paddingTopBottomMobile0 paddingLeftRight20 paddingLeftRightTablet20 paddingLeftRightMobile20\">\n<p><strong><mark style=\"background-color:rgba(0, 0, 0, 0)\" class=\"has-inline-color has-color-2-color\">Mexico City<\/mark><\/strong><br>San Isidro No.127<br>Col. Ampliaci\u00f3n Petrolera<br>Delegaci\u00f3n Azcapotzalco<br>CDMX, 02480<br>Tel. +52 55 5354 3480<\/p>\n\n\n\n<div style=\"height:30px\" aria-hidden=\"true\" class=\"wp-block-spacer\"><\/div>\n<\/div> <\/div>\n<\/div> <div class=\"bg-forma bg-forma-display-none\"><\/div><\/section>\n\n\n\n<section class=\"wp-block-agctexdomain-columnas-agcblocks alignwide columnas col-2 col-2-a paddingTopBottom0 paddingTopBottomTablet0 paddingTopBottomMobile0 alturaDefault\"><div class=\"container\">\n<div class=\"wp-block-agctexdomain-columna-agcblocks Columna ag-animation css-animacionNone alineacion-vertical-top\" data-ag-animation=\"animacionNone\" style=\"text-align:left\"><div class=\"ColumnaContent paddingTopBottom0 paddingTopBottomTablet0 paddingTopBottomMobile0 paddingLeftRight0 paddingLeftRightTablet20 paddingLeftRightMobile20\">\n<p><strong><mark style=\"background-color:rgba(0, 0, 0, 0)\" class=\"has-inline-color has-color-2-color\">Guadalajara<\/mark><\/strong><br>Paseo de los Adobes #1081<br>Bodega 1, Parque Ferr\u00e1n IV<br>Guadalajara Technology Park<br>Zapopan, Jalisco C.P. 45010<br>Tel. +52 33 3777 4141<\/p>\n\n\n\n<div style=\"height:30px\" aria-hidden=\"true\" class=\"wp-block-spacer\"><\/div>\n<\/div> <\/div>\n\n\n\n<div class=\"wp-block-agctexdomain-columna-agcblocks Columna ag-animation css-animacionNone alineacion-vertical-top\" data-ag-animation=\"animacionNone\" style=\"text-align:left\"><div class=\"ColumnaContent paddingTopBottom0 paddingTopBottomTablet0 paddingTopBottomMobile0 paddingLeftRight20 paddingLeftRightTablet20 paddingLeftRightMobile20\">\n<p><strong><mark style=\"background-color:rgba(0, 0, 0, 0)\" class=\"has-inline-color has-color-2-color\">Quer\u00e9taro<\/mark><\/strong><br><\/p>\n\n\n\n<p>Espuela del Ferrocarril #246 <br>Bodega 4, Carrillo Park<br>Col. Carrillo Puerto <br>Quer\u00e9taro, Qro. 76138 <br>Tel. +52 442 235 9100<\/p>\n\n\n\n<div style=\"height:30px\" aria-hidden=\"true\" class=\"wp-block-spacer\"><\/div>\n<\/div> <\/div>\n<\/div> <div class=\"bg-forma bg-forma-display-none\"><\/div><\/section>\n\n\n\n<section class=\"wp-block-agctexdomain-columnas-agcblocks alignwide columnas col-2 col-2-a paddingTopBottom0 paddingTopBottomTablet0 paddingTopBottomMobile0 alturaDefault\"><div class=\"container\">\n<div class=\"wp-block-agctexdomain-columna-agcblocks Columna ag-animation css-animacionNone alineacion-vertical-top\" data-ag-animation=\"animacionNone\" style=\"text-align:left\"><div class=\"ColumnaContent paddingTopBottom0 paddingTopBottomTablet0 paddingTopBottomMobile0 paddingLeftRight0 paddingLeftRightTablet20 paddingLeftRightMobile20\">\n<p><strong><mark style=\"background-color:rgba(0, 0, 0, 0)\" class=\"has-inline-color has-color-2-color\">Tijuana<\/mark><\/strong><br><\/p>\n\n\n\n<p>Blvd. Rodolfo S\u00e1nchez Taboada <br>No. 10488 Urbana R\u00edo, Piso 8 Int. A<br>Tijuana, B.C., C.P. 22010<br>Tel: +52 664 615 8163<\/p>\n\n\n\n<div style=\"height:30px\" aria-hidden=\"true\" class=\"wp-block-spacer\"><\/div>\n<\/div> <\/div>\n\n\n\n<div class=\"wp-block-agctexdomain-columna-agcblocks Columna ag-animation css-animacionNone alineacion-vertical-top\" data-ag-animation=\"animacionNone\" style=\"text-align:left\"><div class=\"ColumnaContent paddingTopBottom0 paddingTopBottomTablet0 paddingTopBottomMobile0 paddingLeftRight20 paddingLeftRightTablet20 paddingLeftRightMobile20\">\n<p><\/p>\n<\/div> <\/div>\n<\/div> <div class=\"bg-forma bg-forma-display-none\"><\/div><\/section>\n\n\n\n<section class=\"wp-block-agctexdomain-columnas-agcblocks alignwide columnas col-2 col-2-a paddingTopBottom0 paddingTopBottomTablet0 paddingTopBottomMobile0 alturaDefault\"><div class=\"container\">\n<div class=\"wp-block-agctexdomain-columna-agcblocks Columna ag-animation css-animacionNone alineacion-vertical-top\" data-ag-animation=\"animacionNone\" style=\"text-align:left\"><div class=\"ColumnaContent paddingTopBottom0 paddingTopBottomTablet0 paddingTopBottomMobile0 paddingLeftRight0 paddingLeftRightTablet20 paddingLeftRightMobile20\">\n<h2 class=\"wp-block-heading has-color-1-color has-text-color\" id=\"chile\">CHILE<\/h2>\n\n\n\n<p><strong><mark style=\"background-color:rgba(0, 0, 0, 0)\" class=\"has-inline-color has-color-2-color\">Santiago Branch<\/mark><\/strong> <\/p>\n\n\n\n<p>Enrique Foster Norte 0115, Of. 10<br>Las Condes, Santiago<br>C.P. 7550103<\/p>\n\n\n\n<p>Tel : +562 2487 9923<br>Cel : +569 9539 3337<\/p>\n\n\n\n<div style=\"height:30px\" aria-hidden=\"true\" class=\"wp-block-spacer\"><\/div>\n<\/div> <\/div>\n\n\n\n<div class=\"wp-block-agctexdomain-columna-agcblocks Columna ag-animation css-animacionNone alineacion-vertical-top\" data-ag-animation=\"animacionNone\" style=\"text-align:left\"><div class=\"ColumnaContent paddingTopBottom0 paddingTopBottomTablet0 paddingTopBottomMobile0 paddingLeftRight20 paddingLeftRightTablet20 paddingLeftRightMobile20\">\n<h2 class=\"wp-block-heading has-color-1-color has-text-color\" id=\"chile\">COLOMBIA<\/h2>\n\n\n\n<p><strong><mark style=\"background-color:rgba(0, 0, 0, 0)\" class=\"has-inline-color has-color-2-color\">Bogota<strong><mark style=\"background-color:rgba(0, 0, 0, 0)\" class=\"has-inline-color has-color-2-color\">  Branch<\/mark><\/strong><\/mark><\/strong><\/p>\n\n\n\n<p>Cra 22 #168-23 <br>Bogot\u00e1, Colombia<\/p>\n\n\n\n<p>Tel. +57 315 392-3647<\/p>\n\n\n\n<div style=\"height:30px\" aria-hidden=\"true\" class=\"wp-block-spacer\"><\/div>\n<\/div> <\/div>\n<\/div> <div class=\"bg-forma bg-forma-display-none\"><\/div><\/section>\n<\/div><\/div> <div class=\"bg-forma\"><\/div><\/section>\n<\/div> <\/div>\n<\/div> <div class=\"bg-forma bg-forma-display-none\"><\/div><\/section>\n<\/div><\/div> <div class=\"bg-forma\"><\/div><\/section>\n","protected":false},"excerpt":{"rendered":"","protected":false},"author":1,"featured_media":0,"parent":0,"menu_order":14,"comment_status":"closed","ping_status":"closed","template":"","meta":{"_acf_changed":false,"footnotes":""},"class_list":["post-3018","page","type-page","status-publish","hentry"],"acf":[],"yoast_head":"<!-- This site is optimized with the Yoast SEO plugin v23.0 - https:\/\/yoast.com\/wordpress\/plugins\/seo\/ -->\n<title>Contact us - Proveedora Flexogr\u00e1fica<\/title>\n<meta name=\"robots\" content=\"index, follow, max-snippet:-1, max-image-preview:large, max-video-preview:-1\" \/>\n<link rel=\"canonical\" href=\"https:\/\/flexografica.com\/en\/contact-us\/\" \/>\n<meta property=\"og:locale\" content=\"en_US\" \/>\n<meta property=\"og:type\" content=\"article\" \/>\n<meta property=\"og:title\" content=\"Contact us - Proveedora Flexogr\u00e1fica\" \/>\n<meta property=\"og:url\" content=\"https:\/\/flexografica.com\/en\/contact-us\/\" \/>\n<meta property=\"og:site_name\" content=\"Proveedora Flexogr\u00e1fica\" \/>\n<meta property=\"article:modified_time\" content=\"2024-07-06T01:31:24+00:00\" \/>\n<meta property=\"og:image\" content=\"https:\/\/flexografica.com\/wp-content\/uploads\/2024\/02\/Imagen5-1-morado.jpg\" \/>\n<meta name=\"twitter:card\" content=\"summary_large_image\" \/>\n<meta name=\"twitter:label1\" content=\"Est. reading time\" \/>\n\t<meta name=\"twitter:data1\" content=\"1 minute\" \/>\n<script type=\"application\/ld+json\" class=\"yoast-schema-graph\">{\"@context\":\"https:\/\/schema.org\",\"@graph\":[{\"@type\":\"WebPage\",\"@id\":\"https:\/\/flexografica.com\/en\/contact-us\/\",\"url\":\"https:\/\/flexografica.com\/en\/contact-us\/\",\"name\":\"Contact us - Proveedora Flexogr\u00e1fica\",\"isPartOf\":{\"@id\":\"https:\/\/flexografica.com\/#website\"},\"primaryImageOfPage\":{\"@id\":\"https:\/\/flexografica.com\/en\/contact-us\/#primaryimage\"},\"image\":{\"@id\":\"https:\/\/flexografica.com\/en\/contact-us\/#primaryimage\"},\"thumbnailUrl\":\"https:\/\/flexografica.com\/wp-content\/uploads\/2024\/02\/Imagen5-1-morado.jpg\",\"datePublished\":\"2022-02-01T22:02:08+00:00\",\"dateModified\":\"2024-07-06T01:31:24+00:00\",\"breadcrumb\":{\"@id\":\"https:\/\/flexografica.com\/en\/contact-us\/#breadcrumb\"},\"inLanguage\":\"en-US\",\"potentialAction\":[{\"@type\":\"ReadAction\",\"target\":[\"https:\/\/flexografica.com\/en\/contact-us\/\"]}]},{\"@type\":\"ImageObject\",\"inLanguage\":\"en-US\",\"@id\":\"https:\/\/flexografica.com\/en\/contact-us\/#primaryimage\",\"url\":\"https:\/\/flexografica.com\/wp-content\/uploads\/2024\/02\/Imagen5-1-morado.jpg\",\"contentUrl\":\"https:\/\/flexografica.com\/wp-content\/uploads\/2024\/02\/Imagen5-1-morado.jpg\"},{\"@type\":\"BreadcrumbList\",\"@id\":\"https:\/\/flexografica.com\/en\/contact-us\/#breadcrumb\",\"itemListElement\":[{\"@type\":\"ListItem\",\"position\":1,\"name\":\"Portada\",\"item\":\"https:\/\/flexografica.com\/en\/inicio\/\"},{\"@type\":\"ListItem\",\"position\":2,\"name\":\"Contact us\"}]},{\"@type\":\"WebSite\",\"@id\":\"https:\/\/flexografica.com\/#website\",\"url\":\"https:\/\/flexografica.com\/\",\"name\":\"Proveedora Flexogr\u00e1fica\",\"description\":\"Proveedora Flexogr\u00e1fica\",\"potentialAction\":[{\"@type\":\"SearchAction\",\"target\":{\"@type\":\"EntryPoint\",\"urlTemplate\":\"https:\/\/flexografica.com\/?s={search_term_string}\"},\"query-input\":\"required name=search_term_string\"}],\"inLanguage\":\"en-US\"}]}<\/script>\n<!-- \/ Yoast SEO plugin. -->","yoast_head_json":{"title":"Contact us - Proveedora Flexogr\u00e1fica","robots":{"index":"index","follow":"follow","max-snippet":"max-snippet:-1","max-image-preview":"max-image-preview:large","max-video-preview":"max-video-preview:-1"},"canonical":"https:\/\/flexografica.com\/en\/contact-us\/","og_locale":"en_US","og_type":"article","og_title":"Contact us - Proveedora Flexogr\u00e1fica","og_url":"https:\/\/flexografica.com\/en\/contact-us\/","og_site_name":"Proveedora Flexogr\u00e1fica","article_modified_time":"2024-07-06T01:31:24+00:00","og_image":[{"url":"https:\/\/flexografica.com\/wp-content\/uploads\/2024\/02\/Imagen5-1-morado.jpg"}],"twitter_card":"summary_large_image","twitter_misc":{"Est. reading time":"1 minute"},"schema":{"@context":"https:\/\/schema.org","@graph":[{"@type":"WebPage","@id":"https:\/\/flexografica.com\/en\/contact-us\/","url":"https:\/\/flexografica.com\/en\/contact-us\/","name":"Contact us - Proveedora Flexogr\u00e1fica","isPartOf":{"@id":"https:\/\/flexografica.com\/#website"},"primaryImageOfPage":{"@id":"https:\/\/flexografica.com\/en\/contact-us\/#primaryimage"},"image":{"@id":"https:\/\/flexografica.com\/en\/contact-us\/#primaryimage"},"thumbnailUrl":"https:\/\/flexografica.com\/wp-content\/uploads\/2024\/02\/Imagen5-1-morado.jpg","datePublished":"2022-02-01T22:02:08+00:00","dateModified":"2024-07-06T01:31:24+00:00","breadcrumb":{"@id":"https:\/\/flexografica.com\/en\/contact-us\/#breadcrumb"},"inLanguage":"en-US","potentialAction":[{"@type":"ReadAction","target":["https:\/\/flexografica.com\/en\/contact-us\/"]}]},{"@type":"ImageObject","inLanguage":"en-US","@id":"https:\/\/flexografica.com\/en\/contact-us\/#primaryimage","url":"https:\/\/flexografica.com\/wp-content\/uploads\/2024\/02\/Imagen5-1-morado.jpg","contentUrl":"https:\/\/flexografica.com\/wp-content\/uploads\/2024\/02\/Imagen5-1-morado.jpg"},{"@type":"BreadcrumbList","@id":"https:\/\/flexografica.com\/en\/contact-us\/#breadcrumb","itemListElement":[{"@type":"ListItem","position":1,"name":"Portada","item":"https:\/\/flexografica.com\/en\/inicio\/"},{"@type":"ListItem","position":2,"name":"Contact us"}]},{"@type":"WebSite","@id":"https:\/\/flexografica.com\/#website","url":"https:\/\/flexografica.com\/","name":"Proveedora Flexogr\u00e1fica","description":"Proveedora Flexogr\u00e1fica","potentialAction":[{"@type":"SearchAction","target":{"@type":"EntryPoint","urlTemplate":"https:\/\/flexografica.com\/?s={search_term_string}"},"query-input":"required name=search_term_string"}],"inLanguage":"en-US"}]}},"_links":{"self":[{"href":"https:\/\/flexografica.com\/en\/wp-json\/wp\/v2\/pages\/3018","targetHints":{"allow":["GET"]}}],"collection":[{"href":"https:\/\/flexografica.com\/en\/wp-json\/wp\/v2\/pages"}],"about":[{"href":"https:\/\/flexografica.com\/en\/wp-json\/wp\/v2\/types\/page"}],"author":[{"embeddable":true,"href":"https:\/\/flexografica.com\/en\/wp-json\/wp\/v2\/users\/1"}],"replies":[{"embeddable":true,"href":"https:\/\/flexografica.com\/en\/wp-json\/wp\/v2\/comments?post=3018"}],"version-history":[{"count":4,"href":"https:\/\/flexografica.com\/en\/wp-json\/wp\/v2\/pages\/3018\/revisions"}],"predecessor-version":[{"id":3138,"href":"https:\/\/flexografica.com\/en\/wp-json\/wp\/v2\/pages\/3018\/revisions\/3138"}],"wp:attachment":[{"href":"https:\/\/flexografica.com\/en\/wp-json\/wp\/v2\/media?parent=3018"}],"curies":[{"name":"wp","href":"https:\/\/api.w.org\/{rel}","templated":true}]}}